{"id":372,"date":"2017-02-16T13:19:17","date_gmt":"2017-02-16T13:19:17","guid":{"rendered":"https:\/\/oroliva.adecua.es\/oroliva\/"},"modified":"2018-01-23T15:42:51","modified_gmt":"2018-01-23T13:42:51","slug":"oroliva","status":"publish","type":"page","link":"https:\/\/oroliva.com\/en\/","title":{"rendered":"Oroliva"},"content":{"rendered":"","protected":false},"excerpt":{"rendered":"","protected":false},"author":2973,"featured_media":0,"parent":0,"menu_order":0,"comment_status":"closed","ping_status":"closed","template":"pages\/home.php","meta":{"_acf_changed":false,"footnotes":""},"class_list":["post-372","page","type-page","status-publish","hentry"],"acf":[],"yoast_head":"<!-- This site is optimized with the Yoast SEO plugin v27.0 - https:\/\/yoast.com\/product\/yoast-seo-wordpress\/ -->\n<title>Comprar Aceite de Oliva Virgen Extra Online - Venta de Aceite de Oliva<\/title>\n<meta name=\"description\" content=\"Comprar aceite de oliva virgen extra online. En nuestra web podr\u00e1 encontrar venta de aceite de oliva picual y de almazara, aceite de oliva de Andaluc\u00eda.\" \/>\n<meta name=\"robots\" content=\"index, follow, max-snippet:-1, max-image-preview:large, max-video-preview:-1\" \/>\n<link rel=\"canonical\" href=\"https:\/\/oroliva.com\/en\/oroliva\/\" \/>\n<meta property=\"og:locale\" content=\"en_US\" \/>\n<meta property=\"og:type\" content=\"article\" \/>\n<meta property=\"og:title\" content=\"Comprar Aceite de Oliva Virgen Extra Online - Venta de Aceite de Oliva\" \/>\n<meta property=\"og:description\" content=\"Comprar aceite de oliva virgen extra online. En nuestra web podr\u00e1 encontrar venta de aceite de oliva picual y de almazara, aceite de oliva de Andaluc\u00eda.\" \/>\n<meta property=\"og:url\" content=\"https:\/\/oroliva.com\/en\/oroliva\/\" \/>\n<meta property=\"og:site_name\" content=\"Comprar aceite de oliva | Venta aceite de oliva virgen extra\" \/>\n<meta property=\"article:modified_time\" content=\"2018-01-23T13:42:51+00:00\" \/>\n<meta property=\"og:image\" content=\"https:\/\/oroliva.com\/wp-content\/uploads\/2017\/02\/Slider_03.jpg\" \/>\n<meta name=\"twitter:card\" content=\"summary_large_image\" \/>\n<script type=\"application\/ld+json\" class=\"yoast-schema-graph\">{\"@context\":\"https:\/\/schema.org\",\"@graph\":[{\"@type\":\"WebPage\",\"@id\":\"https:\/\/oroliva.com\/en\/oroliva\/\",\"url\":\"https:\/\/oroliva.com\/en\/oroliva\/\",\"name\":\"Comprar Aceite de Oliva Virgen Extra Online - Venta de Aceite de Oliva\",\"isPartOf\":{\"@id\":\"https:\/\/oroliva.com\/#website\"},\"datePublished\":\"2017-02-16T13:19:17+00:00\",\"dateModified\":\"2018-01-23T13:42:51+00:00\",\"description\":\"Comprar aceite de oliva virgen extra online. En nuestra web podr\u00e1 encontrar venta de aceite de oliva picual y de almazara, aceite de oliva de Andaluc\u00eda.\",\"breadcrumb\":{\"@id\":\"https:\/\/oroliva.com\/en\/oroliva\/#breadcrumb\"},\"inLanguage\":\"en-US\",\"potentialAction\":[{\"@type\":\"ReadAction\",\"target\":[\"https:\/\/oroliva.com\/en\/oroliva\/\"]}]},{\"@type\":\"BreadcrumbList\",\"@id\":\"https:\/\/oroliva.com\/en\/oroliva\/#breadcrumb\",\"itemListElement\":[{\"@type\":\"ListItem\",\"position\":1,\"name\":\"Home\",\"item\":\"https:\/\/oroliva.com\/en\/oroliva\/\"},{\"@type\":\"ListItem\",\"position\":2,\"name\":\"Oroliva\"}]},{\"@type\":\"WebSite\",\"@id\":\"https:\/\/oroliva.com\/#website\",\"url\":\"https:\/\/oroliva.com\/\",\"name\":\"Comprar aceite de oliva | Venta aceite de oliva virgen extra\",\"description\":\"Venta Online de Aceite de Oliva. Aqu\u00ed podr\u00e1s comprar aceite de oliva de Almazara. El aroma y sabor de Andaluc\u00eda. Comprar aceite de oliva online.\",\"potentialAction\":[{\"@type\":\"SearchAction\",\"target\":{\"@type\":\"EntryPoint\",\"urlTemplate\":\"https:\/\/oroliva.com\/?s={search_term_string}\"},\"query-input\":{\"@type\":\"PropertyValueSpecification\",\"valueRequired\":true,\"valueName\":\"search_term_string\"}}],\"inLanguage\":\"en-US\"}]}<\/script>\n<!-- \/ Yoast SEO plugin. -->","yoast_head_json":{"title":"Comprar Aceite de Oliva Virgen Extra Online - Venta de Aceite de Oliva","description":"Comprar aceite de oliva virgen extra online. En nuestra web podr\u00e1 encontrar venta de aceite de oliva picual y de almazara, aceite de oliva de Andaluc\u00eda.","robots":{"index":"index","follow":"follow","max-snippet":"max-snippet:-1","max-image-preview":"max-image-preview:large","max-video-preview":"max-video-preview:-1"},"canonical":"https:\/\/oroliva.com\/en\/oroliva\/","og_locale":"en_US","og_type":"article","og_title":"Comprar Aceite de Oliva Virgen Extra Online - Venta de Aceite de Oliva","og_description":"Comprar aceite de oliva virgen extra online. En nuestra web podr\u00e1 encontrar venta de aceite de oliva picual y de almazara, aceite de oliva de Andaluc\u00eda.","og_url":"https:\/\/oroliva.com\/en\/oroliva\/","og_site_name":"Comprar aceite de oliva | Venta aceite de oliva virgen extra","article_modified_time":"2018-01-23T13:42:51+00:00","og_image":[{"url":"https:\/\/oroliva.com\/wp-content\/uploads\/2017\/02\/Slider_03.jpg","type":"","width":"","height":""}],"twitter_card":"summary_large_image","schema":{"@context":"https:\/\/schema.org","@graph":[{"@type":"WebPage","@id":"https:\/\/oroliva.com\/en\/oroliva\/","url":"https:\/\/oroliva.com\/en\/oroliva\/","name":"Comprar Aceite de Oliva Virgen Extra Online - Venta de Aceite de Oliva","isPartOf":{"@id":"https:\/\/oroliva.com\/#website"},"datePublished":"2017-02-16T13:19:17+00:00","dateModified":"2018-01-23T13:42:51+00:00","description":"Comprar aceite de oliva virgen extra online. En nuestra web podr\u00e1 encontrar venta de aceite de oliva picual y de almazara, aceite de oliva de Andaluc\u00eda.","breadcrumb":{"@id":"https:\/\/oroliva.com\/en\/oroliva\/#breadcrumb"},"inLanguage":"en-US","potentialAction":[{"@type":"ReadAction","target":["https:\/\/oroliva.com\/en\/oroliva\/"]}]},{"@type":"BreadcrumbList","@id":"https:\/\/oroliva.com\/en\/oroliva\/#breadcrumb","itemListElement":[{"@type":"ListItem","position":1,"name":"Home","item":"https:\/\/oroliva.com\/en\/oroliva\/"},{"@type":"ListItem","position":2,"name":"Oroliva"}]},{"@type":"WebSite","@id":"https:\/\/oroliva.com\/#website","url":"https:\/\/oroliva.com\/","name":"Comprar aceite de oliva | Venta aceite de oliva virgen extra","description":"Venta Online de Aceite de Oliva. Aqu\u00ed podr\u00e1s comprar aceite de oliva de Almazara. El aroma y sabor de Andaluc\u00eda. Comprar aceite de oliva online.","potentialAction":[{"@type":"SearchAction","target":{"@type":"EntryPoint","urlTemplate":"https:\/\/oroliva.com\/?s={search_term_string}"},"query-input":{"@type":"PropertyValueSpecification","valueRequired":true,"valueName":"search_term_string"}}],"inLanguage":"en-US"}]}},"_links":{"self":[{"href":"https:\/\/oroliva.com\/en\/wp-json\/wp\/v2\/pages\/372","targetHints":{"allow":["GET"]}}],"collection":[{"href":"https:\/\/oroliva.com\/en\/wp-json\/wp\/v2\/pages"}],"about":[{"href":"https:\/\/oroliva.com\/en\/wp-json\/wp\/v2\/types\/page"}],"author":[{"embeddable":true,"href":"https:\/\/oroliva.com\/en\/wp-json\/wp\/v2\/users\/2973"}],"replies":[{"embeddable":true,"href":"https:\/\/oroliva.com\/en\/wp-json\/wp\/v2\/comments?post=372"}],"version-history":[{"count":8,"href":"https:\/\/oroliva.com\/en\/wp-json\/wp\/v2\/pages\/372\/revisions"}],"predecessor-version":[{"id":526,"href":"https:\/\/oroliva.com\/en\/wp-json\/wp\/v2\/pages\/372\/revisions\/526"}],"wp:attachment":[{"href":"https:\/\/oroliva.com\/en\/wp-json\/wp\/v2\/media?parent=372"}],"curies":[{"name":"wp","href":"https:\/\/api.w.org\/{rel}","templated":true}]}}