{"id":380,"date":"2017-02-16T12:27:14","date_gmt":"2017-02-16T12:27:14","guid":{"rendered":"https:\/\/oroliva.adecua.es\/historia\/"},"modified":"2017-12-12T21:20:01","modified_gmt":"2017-12-12T19:20:01","slug":"history","status":"publish","type":"page","link":"https:\/\/oroliva.com\/en\/tradition\/history\/","title":{"rendered":"History"},"content":{"rendered":"","protected":false},"excerpt":{"rendered":"","protected":false},"author":2973,"featured_media":0,"parent":394,"menu_order":0,"comment_status":"closed","ping_status":"closed","template":"pages\/tradicion.php","meta":{"_acf_changed":false,"footnotes":""},"class_list":["post-380","page","type-page","status-publish","hentry"],"acf":[],"yoast_head":"<!-- This site is optimized with the Yoast SEO plugin v27.0 - https:\/\/yoast.com\/product\/yoast-seo-wordpress\/ -->\n<title>History | Comprar aceite de oliva | Venta aceite de oliva virgen extra<\/title>\n<meta name=\"description\" content=\"Oroliva produce uno de los aceites con mayor tradici\u00f3n, cuyo origen se remonta a 1752 seg\u00fan se rese\u00f1a en el catastro de la \u00e9poca.\" \/>\n<meta name=\"robots\" content=\"index, follow, max-snippet:-1, max-image-preview:large, max-video-preview:-1\" \/>\n<link rel=\"canonical\" href=\"https:\/\/oroliva.com\/en\/tradition\/history\/\" \/>\n<meta property=\"og:locale\" content=\"en_US\" \/>\n<meta property=\"og:type\" content=\"article\" \/>\n<meta property=\"og:title\" content=\"History | Comprar aceite de oliva | Venta aceite de oliva virgen extra\" \/>\n<meta property=\"og:description\" content=\"Oroliva produce uno de los aceites con mayor tradici\u00f3n, cuyo origen se remonta a 1752 seg\u00fan se rese\u00f1a en el catastro de la \u00e9poca.\" \/>\n<meta property=\"og:url\" content=\"https:\/\/oroliva.com\/en\/tradition\/history\/\" \/>\n<meta property=\"og:site_name\" content=\"Comprar aceite de oliva | Venta aceite de oliva virgen extra\" \/>\n<meta property=\"article:modified_time\" content=\"2017-12-12T19:20:01+00:00\" \/>\n<meta property=\"og:image\" content=\"https:\/\/oroliva.com\/wp-content\/uploads\/2017\/02\/Slider_03.jpg\" \/>\n<meta name=\"twitter:card\" content=\"summary_large_image\" \/>\n<script type=\"application\/ld+json\" class=\"yoast-schema-graph\">{\"@context\":\"https:\/\/schema.org\",\"@graph\":[{\"@type\":\"WebPage\",\"@id\":\"https:\/\/oroliva.com\/en\/tradition\/history\/\",\"url\":\"https:\/\/oroliva.com\/en\/tradition\/history\/\",\"name\":\"History | Comprar aceite de oliva | Venta aceite de oliva virgen extra\",\"isPartOf\":{\"@id\":\"https:\/\/oroliva.com\/#website\"},\"datePublished\":\"2017-02-16T12:27:14+00:00\",\"dateModified\":\"2017-12-12T19:20:01+00:00\",\"description\":\"Oroliva produce uno de los aceites con mayor tradici\u00f3n, cuyo origen se remonta a 1752 seg\u00fan se rese\u00f1a en el catastro de la \u00e9poca.\",\"breadcrumb\":{\"@id\":\"https:\/\/oroliva.com\/en\/tradition\/history\/#breadcrumb\"},\"inLanguage\":\"en-US\",\"potentialAction\":[{\"@type\":\"ReadAction\",\"target\":[\"https:\/\/oroliva.com\/en\/tradition\/history\/\"]}]},{\"@type\":\"BreadcrumbList\",\"@id\":\"https:\/\/oroliva.com\/en\/tradition\/history\/#breadcrumb\",\"itemListElement\":[{\"@type\":\"ListItem\",\"position\":1,\"name\":\"Home\",\"item\":\"https:\/\/oroliva.com\/en\/oroliva\/\"},{\"@type\":\"ListItem\",\"position\":2,\"name\":\"Tradition\",\"item\":\"https:\/\/oroliva.com\/en\/tradition\/\"},{\"@type\":\"ListItem\",\"position\":3,\"name\":\"History\"}]},{\"@type\":\"WebSite\",\"@id\":\"https:\/\/oroliva.com\/#website\",\"url\":\"https:\/\/oroliva.com\/\",\"name\":\"Comprar aceite de oliva | Venta aceite de oliva virgen extra\",\"description\":\"Venta Online de Aceite de Oliva. Aqu\u00ed podr\u00e1s comprar aceite de oliva de Almazara. El aroma y sabor de Andaluc\u00eda. Comprar aceite de oliva online.\",\"potentialAction\":[{\"@type\":\"SearchAction\",\"target\":{\"@type\":\"EntryPoint\",\"urlTemplate\":\"https:\/\/oroliva.com\/?s={search_term_string}\"},\"query-input\":{\"@type\":\"PropertyValueSpecification\",\"valueRequired\":true,\"valueName\":\"search_term_string\"}}],\"inLanguage\":\"en-US\"}]}<\/script>\n<!-- \/ Yoast SEO plugin. -->","yoast_head_json":{"title":"History | Comprar aceite de oliva | Venta aceite de oliva virgen extra","description":"Oroliva produce uno de los aceites con mayor tradici\u00f3n, cuyo origen se remonta a 1752 seg\u00fan se rese\u00f1a en el catastro de la \u00e9poca.","robots":{"index":"index","follow":"follow","max-snippet":"max-snippet:-1","max-image-preview":"max-image-preview:large","max-video-preview":"max-video-preview:-1"},"canonical":"https:\/\/oroliva.com\/en\/tradition\/history\/","og_locale":"en_US","og_type":"article","og_title":"History | Comprar aceite de oliva | Venta aceite de oliva virgen extra","og_description":"Oroliva produce uno de los aceites con mayor tradici\u00f3n, cuyo origen se remonta a 1752 seg\u00fan se rese\u00f1a en el catastro de la \u00e9poca.","og_url":"https:\/\/oroliva.com\/en\/tradition\/history\/","og_site_name":"Comprar aceite de oliva | Venta aceite de oliva virgen extra","article_modified_time":"2017-12-12T19:20:01+00:00","og_image":[{"url":"https:\/\/oroliva.com\/wp-content\/uploads\/2017\/02\/Slider_03.jpg","type":"","width":"","height":""}],"twitter_card":"summary_large_image","schema":{"@context":"https:\/\/schema.org","@graph":[{"@type":"WebPage","@id":"https:\/\/oroliva.com\/en\/tradition\/history\/","url":"https:\/\/oroliva.com\/en\/tradition\/history\/","name":"History | Comprar aceite de oliva | Venta aceite de oliva virgen extra","isPartOf":{"@id":"https:\/\/oroliva.com\/#website"},"datePublished":"2017-02-16T12:27:14+00:00","dateModified":"2017-12-12T19:20:01+00:00","description":"Oroliva produce uno de los aceites con mayor tradici\u00f3n, cuyo origen se remonta a 1752 seg\u00fan se rese\u00f1a en el catastro de la \u00e9poca.","breadcrumb":{"@id":"https:\/\/oroliva.com\/en\/tradition\/history\/#breadcrumb"},"inLanguage":"en-US","potentialAction":[{"@type":"ReadAction","target":["https:\/\/oroliva.com\/en\/tradition\/history\/"]}]},{"@type":"BreadcrumbList","@id":"https:\/\/oroliva.com\/en\/tradition\/history\/#breadcrumb","itemListElement":[{"@type":"ListItem","position":1,"name":"Home","item":"https:\/\/oroliva.com\/en\/oroliva\/"},{"@type":"ListItem","position":2,"name":"Tradition","item":"https:\/\/oroliva.com\/en\/tradition\/"},{"@type":"ListItem","position":3,"name":"History"}]},{"@type":"WebSite","@id":"https:\/\/oroliva.com\/#website","url":"https:\/\/oroliva.com\/","name":"Comprar aceite de oliva | Venta aceite de oliva virgen extra","description":"Venta Online de Aceite de Oliva. Aqu\u00ed podr\u00e1s comprar aceite de oliva de Almazara. El aroma y sabor de Andaluc\u00eda. Comprar aceite de oliva online.","potentialAction":[{"@type":"SearchAction","target":{"@type":"EntryPoint","urlTemplate":"https:\/\/oroliva.com\/?s={search_term_string}"},"query-input":{"@type":"PropertyValueSpecification","valueRequired":true,"valueName":"search_term_string"}}],"inLanguage":"en-US"}]}},"_links":{"self":[{"href":"https:\/\/oroliva.com\/en\/wp-json\/wp\/v2\/pages\/380","targetHints":{"allow":["GET"]}}],"collection":[{"href":"https:\/\/oroliva.com\/en\/wp-json\/wp\/v2\/pages"}],"about":[{"href":"https:\/\/oroliva.com\/en\/wp-json\/wp\/v2\/types\/page"}],"author":[{"embeddable":true,"href":"https:\/\/oroliva.com\/en\/wp-json\/wp\/v2\/users\/2973"}],"replies":[{"embeddable":true,"href":"https:\/\/oroliva.com\/en\/wp-json\/wp\/v2\/comments?post=380"}],"version-history":[{"count":7,"href":"https:\/\/oroliva.com\/en\/wp-json\/wp\/v2\/pages\/380\/revisions"}],"predecessor-version":[{"id":439,"href":"https:\/\/oroliva.com\/en\/wp-json\/wp\/v2\/pages\/380\/revisions\/439"}],"up":[{"embeddable":true,"href":"https:\/\/oroliva.com\/en\/wp-json\/wp\/v2\/pages\/394"}],"wp:attachment":[{"href":"https:\/\/oroliva.com\/en\/wp-json\/wp\/v2\/media?parent=380"}],"curies":[{"name":"wp","href":"https:\/\/api.w.org\/{rel}","templated":true}]}}