{"id":506,"date":"2017-03-24T13:06:38","date_gmt":"2017-03-24T12:06:38","guid":{"rendered":"https:\/\/oroliva.adecua.es\/condiciones-generales-de-venta\/"},"modified":"2017-12-18T12:52:15","modified_gmt":"2017-12-18T10:52:15","slug":"general-sales-conditions","status":"publish","type":"page","link":"https:\/\/oroliva.com\/en\/general-sales-conditions\/","title":{"rendered":"General Sales Conditions"},"content":{"rendered":"<h3>ACEPTACI\u00d3N DE LAS CONDICIONES GENERALES DE CONTRATACI\u00d3N<\/h3>\n<p>La utilizaci\u00f3n o contrataci\u00f3n de los productos y\/o servicios ofrecidos en www.oroliva.com supone la aceptaci\u00f3n de las siguientes condiciones generales de venta.<br \/>\nLas compras realizadas en este sitio web quedan sometidas a la normativa vigente.<\/p>\n<h3><\/h3>\n<h3>ENV\u00cdOS Y ENTREGAS<\/h3>\n<p>El env\u00edo se realiza a trav\u00e9s del servicio de transporte MRW y RadiCourier, desde nuestro almac\u00e9n en Caniles. Una vez realizado el pedido, \u00e9ste es entregado en un plazo de 48 horas laborables (lunes a viernes no festivos) en Espa\u00f1a. Todos nuestros pedidos se entregan a domicilio y a nombre de un destinatario. \u00a0En el caso de no estar presente en el momento de entrega, los transportistas dejar\u00e1n una nota indicando si realizan un nuevo intento o si el cliente debe pasar a recogerlo en oficina.<br \/>\nNo acepte paquetes que muestren signos de rotura del contenido (manchas de aceite, cajas rotas&#8230;). En este caso el transportista devolver\u00e1 la mercanc\u00eda sin coste para usted, y Oroliva proceder\u00e1 a un nuevo env\u00edo seg\u00fan el pedido realizado.<\/p>\n<h3><\/h3>\n<h3>DEVOLUCIONES<\/h3>\n<p>Si no queda satisfecho con los productos adquiridos en\u00a0www.oroliva.com, los podr\u00e1 devolver en un plazo\u00a0no superior a 7 d\u00edas, contados a partir de la recepci\u00f3n del producto. Las devoluciones se deber\u00e1n enviar junto con la copia del albar\u00e1n que acompa\u00f1a el env\u00edo. Para cualquier posible incidencia o reclamaci\u00f3n, le recomendamos que se ponga en contacto con nosotros por correo electr\u00f3nico a ventas@oroliva.com. La devoluci\u00f3n del importe se efectuar\u00e1 mediante abono.<\/p>\n<p>Las normas respecto a las anulaciones de pedidos y\/o devoluciones, (reguladas por la Ley del 15\/1\/96 n\u00famero 7\/1996) reclamaciones, garant\u00eda y emisi\u00f3n de facturas, son las siguientes: No se admitir\u00e1n devoluciones que no vengan en su embalaje original y con el producto en perfecto estado.<\/p>\n<p>La factura de entrega, tiene validez como garant\u00eda del fabricante, \u00e9sta tendr\u00e1 efecto a partir del d\u00eda que se realiza la entrega en el domicilio del comprador.\u00a0Las reclamaciones por posibles incidencias como el producto que se entregue deteriorado, equivocado, o por cualquier otra causa susceptible de reclamaci\u00f3n, se tratar\u00e1n de la siguiente forma:<\/p>\n<p>En el caso de solicitar la anulaci\u00f3n y\/o devoluci\u00f3n del importe, el cliente debe remitir el producto a\u00a0Oroliva S.L.\u00a0en el plazo de\u00a07 d\u00edas posteriores\u00a0a la recepci\u00f3n del pedido, y los costes de devoluci\u00f3n, corren a cargo del cliente (seg\u00fan Ley del 15\/1\/96 n\u00famero 7\/1996).<\/p>\n<p>&nbsp;<\/p>\n<h3>GASTOS DE ENV\u00cdO<\/h3>\n<p>Enviamos nuestros pedidos con el servicio de transporte MRW y RadiCourier. Normalmente nuestros env\u00edos tardan 72\u00a0horas.<br \/>\nLos gastos de env\u00edo, as\u00ed como los impuestos, van incluidos en el precio para Pen\u00ednsula. Baleares, Canarias, Ceuta y Melilla, antes de realizar el pedido, consultar con nosotros mediante email a ventas@oroliva.com para informaci\u00f3n de precio, plazos de entrega y otras condiciones.<br \/>\nRealizamos env\u00edos a: Pen\u00ednsula y Baleares, (Canarias, Ceuta y Melilla consultar mediante email). Fuera de Espa\u00f1a, limitado a los pa\u00edses indicados en la web (fuera de estos, contactar mediante email o formulario de contacto). En caso que alg\u00fan producto concreto tuviese un tiempo de entrega mayor, se lo indicar\u00edamos mediante un email al comprador, o lo indicamos en el propio producto.<br \/>\nEl precio de los productos puede llevar asociado alg\u00fan descuento seg\u00fan la cantidad de cajas de dicho producto a\u00f1adidas al carrito.<\/p>\n<p>&nbsp;<\/p>\n<h3><\/h3>\n<h3><\/h3>\n<h3>FORMAS DE PAGO<\/h3>\n<p>Se pueden formalizar los pagos de los pedidos mediante\u00a0tarjeta de cr\u00e9dito o pago mediante\u00a0PayPal.\u00a0Al formalizar su pedido, y dependiendo del destino, nuestra p\u00e1gina le permitir\u00e1 seleccionar el pago mediante reembolso, con lo que la cantidad final indicada ser\u00e1 la que tendr\u00e1 que abonar al transportista en el momento de la entrega del producto.<br \/>\nSi selecciona el pago mediante PayPal, el cliente es redirigido a una p\u00e1gina segura de PayPal, donde podr\u00e1 llevar a cabo el pago del producto seleccionado.<br \/>\nCon respecto a la formalizaci\u00f3n del pago de los pedidos\u00a0mediante tarjeta de cr\u00e9dito, aceptamos tarjetas VISA y Mastercard.<\/p>\n<p>Al finalizar el proceso de compra, el cliente es redirigido a una p\u00e1gina segura de la entidad bancaria donde podr\u00e1 introducir sus datos de tarjeta bancaria con total seguridad. Desde esa p\u00e1gina, puede seleccionar el pago directamente con su tarjeta \u00a0bancaria. La transacci\u00f3n se realizar\u00e1 mediante el protocolo 3D-Secure seg\u00fan el est\u00e1ndar internacional de comercio electr\u00f3nico (Verified by Visa o MasterCard SecureCode). Es preciso que la tarjeta est\u00e9 activada como 3D-Secure, proceso que puede hacerse f\u00e1cil y r\u00e1pidamente a trav\u00e9s del tel\u00e9fono o la web de tu banco, y que te servir\u00e1 para asegurar todas tus compras en Internet. M\u00e1s informaci\u00f3n sobre 3D-Secure En ning\u00fan momento los datos bancarios pasan por los sistemas inform\u00e1ticos de www.oroliva.com. Esto garantiza que el pago mediante este m\u00e9todo sea totalmente seguro y r\u00e1pido.<br \/>\nSin introducir datos bancarios \/ Paga hasta 7 d\u00edas despu\u00e9s del env\u00edo.<\/p>\n<p>&nbsp;<\/p>\n<h3>CONDICIONES DE USO<\/h3>\n<p>Estas condiciones generales regulan el acceso y utilizaci\u00f3n del sitio web\u00a0www.oroliva.com\u00a0que Oroliva S.L. pone gratuitamente a disposici\u00f3n de los usuarios de Internet con el fin de proporcionar informaci\u00f3n sobre sus productos, servicios y precios. El acceso al mismo implica su aceptaci\u00f3n sin reservas.<br \/>\nSe autoriza la visualizaci\u00f3n, impresi\u00f3n y descarga parcial del contenido de la web s\u00f3lo y exclusivamente si se realiza con el \u00e1nimo de obtener la informaci\u00f3n contenida para uso personal y privado. Se proh\u00edbe expresamente su utilizaci\u00f3n con fines comerciales o para su distribuci\u00f3n, transformaci\u00f3n o comunicaci\u00f3n p\u00fablica.<br \/>\nOroliva se reserva el derecho a modificar la oferta comercial del sitio web en cualquier momento y de mantener su contenido actualizado sin obligarse a asegurar una actualizaci\u00f3n plena.<br \/>\nOroliva se reserva el derecho de rechazar cualquier pedido a\u00fan estando pagado, devolviendo en este caso la totalidad del pago.<\/p>\n<p>&nbsp;<\/p>\n<h3>OBLIGACIONES DEL USUARIO Y\/O CLIENTE<\/h3>\n<p>El usuario y\/o cliente de www.oroliva.com se compromete en todo momento a facilitar informaci\u00f3n veraz sobre los datos solicitados en los diferentes formularios y\/o solicitudes de informaci\u00f3n o compra.<\/p>\n<h3><\/h3>\n<h3>RESOLUCI\u00d3N DE LITIGIOS<\/h3>\n<p>La Comisi\u00f3n Europea facilita una plataforma de resoluci\u00f3n de litigios en l\u00ednea, la cual se encuentra disponible en el siguiente enlace:\u00a0http:\/\/ec.europa.eu\/consumers\/odr\/<br \/>\nLos consumidores podr\u00e1n someter sus reclamaciones a trav\u00e9s de la plataforma de resoluci\u00f3n de litigios en l\u00ednea.<\/p>\n","protected":false},"excerpt":{"rendered":"ACEPTACI\u00d3N DE LAS CONDICIONES GENERALES DE CONTRATACI\u00d3N La utilizaci\u00f3n o contrataci\u00f3n de los productos y\/o servicios ofrecidos en www.oroliva.com supone la aceptaci\u00f3n de las siguientes condiciones generales de venta. Las compras realizadas en este sitio web quedan sometidas a la normativa vigente. ENV\u00cdOS Y ENTREGAS El env\u00edo se realiza a trav\u00e9s del servicio de transporte&#8230; <a class=\"view-article\" href=\"https:\/\/oroliva.com\/en\/general-sales-conditions\/\">View Article<\/a>","protected":false},"author":2973,"featured_media":0,"parent":0,"menu_order":13,"comment_status":"closed","ping_status":"closed","template":"","meta":{"_acf_changed":false,"footnotes":""},"class_list":["post-506","page","type-page","status-publish","hentry"],"acf":[],"yoast_head":"<!-- This site is optimized with the Yoast SEO plugin v27.0 - https:\/\/yoast.com\/product\/yoast-seo-wordpress\/ -->\n<title>General Sales Conditions | Comprar aceite de oliva | Venta aceite de oliva virgen extra<\/title>\n<meta name=\"robots\" content=\"index, follow, max-snippet:-1, max-image-preview:large, max-video-preview:-1\" \/>\n<link rel=\"canonical\" href=\"https:\/\/oroliva.com\/en\/general-sales-conditions\/\" \/>\n<meta property=\"og:locale\" content=\"en_US\" \/>\n<meta property=\"og:type\" content=\"article\" \/>\n<meta property=\"og:title\" content=\"General Sales Conditions | Comprar aceite de oliva | Venta aceite de oliva virgen extra\" \/>\n<meta property=\"og:description\" content=\"ACEPTACI\u00d3N DE LAS CONDICIONES GENERALES DE CONTRATACI\u00d3N La utilizaci\u00f3n o contrataci\u00f3n de los productos y\/o servicios ofrecidos en www.oroliva.com supone la aceptaci\u00f3n de las siguientes condiciones generales de venta. Las compras realizadas en este sitio web quedan sometidas a la normativa vigente. ENV\u00cdOS Y ENTREGAS El env\u00edo se realiza a trav\u00e9s del servicio de transporte... View Article\" \/>\n<meta property=\"og:url\" content=\"https:\/\/oroliva.com\/en\/general-sales-conditions\/\" \/>\n<meta property=\"og:site_name\" content=\"Comprar aceite de oliva | Venta aceite de oliva virgen extra\" \/>\n<meta property=\"article:modified_time\" content=\"2017-12-18T10:52:15+00:00\" \/>\n<meta property=\"og:image\" content=\"https:\/\/oroliva.com\/wp-content\/uploads\/2017\/02\/Slider_03.jpg\" \/>\n<meta name=\"twitter:card\" content=\"summary_large_image\" \/>\n<meta name=\"twitter:label1\" content=\"Est. reading time\" \/>\n\t<meta name=\"twitter:data1\" content=\"6 minutes\" \/>\n<script type=\"application\/ld+json\" class=\"yoast-schema-graph\">{\"@context\":\"https:\/\/schema.org\",\"@graph\":[{\"@type\":\"WebPage\",\"@id\":\"https:\/\/oroliva.com\/en\/general-sales-conditions\/\",\"url\":\"https:\/\/oroliva.com\/en\/general-sales-conditions\/\",\"name\":\"General Sales Conditions | Comprar aceite de oliva | Venta aceite de oliva virgen extra\",\"isPartOf\":{\"@id\":\"https:\/\/oroliva.com\/#website\"},\"datePublished\":\"2017-03-24T12:06:38+00:00\",\"dateModified\":\"2017-12-18T10:52:15+00:00\",\"breadcrumb\":{\"@id\":\"https:\/\/oroliva.com\/en\/general-sales-conditions\/#breadcrumb\"},\"inLanguage\":\"en-US\",\"potentialAction\":[{\"@type\":\"ReadAction\",\"target\":[\"https:\/\/oroliva.com\/en\/general-sales-conditions\/\"]}]},{\"@type\":\"BreadcrumbList\",\"@id\":\"https:\/\/oroliva.com\/en\/general-sales-conditions\/#breadcrumb\",\"itemListElement\":[{\"@type\":\"ListItem\",\"position\":1,\"name\":\"Home\",\"item\":\"https:\/\/oroliva.com\/en\/oroliva\/\"},{\"@type\":\"ListItem\",\"position\":2,\"name\":\"General Sales Conditions\"}]},{\"@type\":\"WebSite\",\"@id\":\"https:\/\/oroliva.com\/#website\",\"url\":\"https:\/\/oroliva.com\/\",\"name\":\"Comprar aceite de oliva | Venta aceite de oliva virgen extra\",\"description\":\"Venta Online de Aceite de Oliva. Aqu\u00ed podr\u00e1s comprar aceite de oliva de Almazara. El aroma y sabor de Andaluc\u00eda. Comprar aceite de oliva online.\",\"potentialAction\":[{\"@type\":\"SearchAction\",\"target\":{\"@type\":\"EntryPoint\",\"urlTemplate\":\"https:\/\/oroliva.com\/?s={search_term_string}\"},\"query-input\":{\"@type\":\"PropertyValueSpecification\",\"valueRequired\":true,\"valueName\":\"search_term_string\"}}],\"inLanguage\":\"en-US\"}]}<\/script>\n<!-- \/ Yoast SEO plugin. -->","yoast_head_json":{"title":"General Sales Conditions | Comprar aceite de oliva | Venta aceite de oliva virgen extra","robots":{"index":"index","follow":"follow","max-snippet":"max-snippet:-1","max-image-preview":"max-image-preview:large","max-video-preview":"max-video-preview:-1"},"canonical":"https:\/\/oroliva.com\/en\/general-sales-conditions\/","og_locale":"en_US","og_type":"article","og_title":"General Sales Conditions | Comprar aceite de oliva | Venta aceite de oliva virgen extra","og_description":"ACEPTACI\u00d3N DE LAS CONDICIONES GENERALES DE CONTRATACI\u00d3N La utilizaci\u00f3n o contrataci\u00f3n de los productos y\/o servicios ofrecidos en www.oroliva.com supone la aceptaci\u00f3n de las siguientes condiciones generales de venta. Las compras realizadas en este sitio web quedan sometidas a la normativa vigente. ENV\u00cdOS Y ENTREGAS El env\u00edo se realiza a trav\u00e9s del servicio de transporte... View Article","og_url":"https:\/\/oroliva.com\/en\/general-sales-conditions\/","og_site_name":"Comprar aceite de oliva | Venta aceite de oliva virgen extra","article_modified_time":"2017-12-18T10:52:15+00:00","og_image":[{"url":"https:\/\/oroliva.com\/wp-content\/uploads\/2017\/02\/Slider_03.jpg","type":"","width":"","height":""}],"twitter_card":"summary_large_image","twitter_misc":{"Est. reading time":"6 minutes"},"schema":{"@context":"https:\/\/schema.org","@graph":[{"@type":"WebPage","@id":"https:\/\/oroliva.com\/en\/general-sales-conditions\/","url":"https:\/\/oroliva.com\/en\/general-sales-conditions\/","name":"General Sales Conditions | Comprar aceite de oliva | Venta aceite de oliva virgen extra","isPartOf":{"@id":"https:\/\/oroliva.com\/#website"},"datePublished":"2017-03-24T12:06:38+00:00","dateModified":"2017-12-18T10:52:15+00:00","breadcrumb":{"@id":"https:\/\/oroliva.com\/en\/general-sales-conditions\/#breadcrumb"},"inLanguage":"en-US","potentialAction":[{"@type":"ReadAction","target":["https:\/\/oroliva.com\/en\/general-sales-conditions\/"]}]},{"@type":"BreadcrumbList","@id":"https:\/\/oroliva.com\/en\/general-sales-conditions\/#breadcrumb","itemListElement":[{"@type":"ListItem","position":1,"name":"Home","item":"https:\/\/oroliva.com\/en\/oroliva\/"},{"@type":"ListItem","position":2,"name":"General Sales Conditions"}]},{"@type":"WebSite","@id":"https:\/\/oroliva.com\/#website","url":"https:\/\/oroliva.com\/","name":"Comprar aceite de oliva | Venta aceite de oliva virgen extra","description":"Venta Online de Aceite de Oliva. Aqu\u00ed podr\u00e1s comprar aceite de oliva de Almazara. El aroma y sabor de Andaluc\u00eda. Comprar aceite de oliva online.","potentialAction":[{"@type":"SearchAction","target":{"@type":"EntryPoint","urlTemplate":"https:\/\/oroliva.com\/?s={search_term_string}"},"query-input":{"@type":"PropertyValueSpecification","valueRequired":true,"valueName":"search_term_string"}}],"inLanguage":"en-US"}]}},"_links":{"self":[{"href":"https:\/\/oroliva.com\/en\/wp-json\/wp\/v2\/pages\/506","targetHints":{"allow":["GET"]}}],"collection":[{"href":"https:\/\/oroliva.com\/en\/wp-json\/wp\/v2\/pages"}],"about":[{"href":"https:\/\/oroliva.com\/en\/wp-json\/wp\/v2\/types\/page"}],"author":[{"embeddable":true,"href":"https:\/\/oroliva.com\/en\/wp-json\/wp\/v2\/users\/2973"}],"replies":[{"embeddable":true,"href":"https:\/\/oroliva.com\/en\/wp-json\/wp\/v2\/comments?post=506"}],"version-history":[{"count":1,"href":"https:\/\/oroliva.com\/en\/wp-json\/wp\/v2\/pages\/506\/revisions"}],"predecessor-version":[{"id":507,"href":"https:\/\/oroliva.com\/en\/wp-json\/wp\/v2\/pages\/506\/revisions\/507"}],"wp:attachment":[{"href":"https:\/\/oroliva.com\/en\/wp-json\/wp\/v2\/media?parent=506"}],"curies":[{"name":"wp","href":"https:\/\/api.w.org\/{rel}","templated":true}]}}