{"id":488,"date":"2017-03-21T12:31:33","date_gmt":"2017-03-21T10:31:33","guid":{"rendered":"https:\/\/oroliva.adecua.es\/aceite-de-oliva\/almazara-del-convento-botella-1l\/"},"modified":"2026-03-27T11:59:47","modified_gmt":"2026-03-27T10:59:47","slug":"almazara-del-convento-botella-1l","status":"publish","type":"product","link":"https:\/\/oroliva.com\/en\/aceite-de-oliva\/almazara-del-convento-botella-1l\/","title":{"rendered":"Caja Botella 1l &#8211; 12Uds"},"content":{"rendered":"<p>Su cata nos da un frutado verde-maduro de intensidad media, con notas de hierba, hoja y frutales como la manzana o el pl\u00e1tano. En boca, la entrada es dulce, con un amargo muy moderado y muy ligero picante.<\/p>\n<p>Es el aceite m\u00e1s buscado por su calidad, adem\u00e1s de su suave y distintivo sabor, lo que nos ha permitido conseguir la fidelidad de nuestros clientes durante m\u00e1s de 250 a\u00f1os.<\/p>\n","protected":false},"excerpt":{"rendered":"Aceite de Oliva Virgen Extra, producto superior y tradici\u00f3n unidos en un aceite centenario que nos trae el sabor y los aromas de la sierra, con la m\u00e1xima calidad del Aceite Virgen Extra Picual.","protected":false},"featured_media":456,"template":"","meta":{"_acf_changed":false},"product_brand":[],"product_cat":[24],"product_tag":[],"class_list":{"0":"post-488","1":"product","2":"type-product","3":"status-publish","4":"has-post-thumbnail","6":"product_cat-almazara-del-convento-en","8":"first","9":"instock","10":"taxable","11":"shipping-taxable","12":"purchasable","13":"product-type-simple"},"acf":[],"yoast_head":"<!-- This site is optimized with the Yoast SEO plugin v27.0 - https:\/\/yoast.com\/product\/yoast-seo-wordpress\/ -->\n<title>Aceite Almazara del Convento Caja Botella 1L | Oroliva<\/title>\n<meta name=\"description\" content=\"Aceite de Oliva Virgen Extra Almazara del Convento, Caja Botella 1L, incluye 12 unidades\" \/>\n<meta name=\"robots\" content=\"index, follow, max-snippet:-1, max-image-preview:large, max-video-preview:-1\" \/>\n<link rel=\"canonical\" href=\"https:\/\/oroliva.com\/en\/aceite-de-oliva\/almazara-del-convento-botella-1l\/\" \/>\n<meta property=\"og:locale\" content=\"en_US\" \/>\n<meta property=\"og:type\" content=\"article\" \/>\n<meta property=\"og:title\" content=\"Aceite Almazara del Convento Caja Botella 1L | Oroliva\" \/>\n<meta property=\"og:description\" content=\"Aceite de Oliva Virgen Extra Almazara del Convento, Caja Botella 1L, incluye 12 unidades\" \/>\n<meta property=\"og:url\" content=\"https:\/\/oroliva.com\/en\/aceite-de-oliva\/almazara-del-convento-botella-1l\/\" \/>\n<meta property=\"og:site_name\" content=\"Comprar aceite de oliva | Venta aceite de oliva virgen extra\" \/>\n<meta property=\"article:modified_time\" content=\"2026-03-27T10:59:47+00:00\" \/>\n<meta property=\"og:image\" content=\"https:\/\/oroliva.com\/wp-content\/uploads\/2017\/03\/almazara_04.jpg\" \/>\n\t<meta property=\"og:image:width\" content=\"1500\" \/>\n\t<meta property=\"og:image:height\" content=\"1500\" \/>\n\t<meta property=\"og:image:type\" content=\"image\/jpeg\" \/>\n<meta name=\"twitter:card\" content=\"summary_large_image\" \/>\n<script type=\"application\/ld+json\" class=\"yoast-schema-graph\">{\"@context\":\"https:\/\/schema.org\",\"@graph\":[{\"@type\":\"WebPage\",\"@id\":\"https:\/\/oroliva.com\/en\/aceite-de-oliva\/almazara-del-convento-botella-1l\/\",\"url\":\"https:\/\/oroliva.com\/en\/aceite-de-oliva\/almazara-del-convento-botella-1l\/\",\"name\":\"Aceite Almazara del Convento Caja Botella 1L | Oroliva\",\"isPartOf\":{\"@id\":\"https:\/\/oroliva.com\/#website\"},\"primaryImageOfPage\":{\"@id\":\"https:\/\/oroliva.com\/en\/aceite-de-oliva\/almazara-del-convento-botella-1l\/#primaryimage\"},\"image\":{\"@id\":\"https:\/\/oroliva.com\/en\/aceite-de-oliva\/almazara-del-convento-botella-1l\/#primaryimage\"},\"thumbnailUrl\":\"https:\/\/oroliva.com\/wp-content\/uploads\/2017\/03\/almazara_04.jpg\",\"datePublished\":\"2017-03-21T10:31:33+00:00\",\"dateModified\":\"2026-03-27T10:59:47+00:00\",\"description\":\"Aceite de Oliva Virgen Extra Almazara del Convento, Caja Botella 1L, incluye 12 unidades\",\"breadcrumb\":{\"@id\":\"https:\/\/oroliva.com\/en\/aceite-de-oliva\/almazara-del-convento-botella-1l\/#breadcrumb\"},\"inLanguage\":\"en-US\",\"potentialAction\":[{\"@type\":\"ReadAction\",\"target\":[\"https:\/\/oroliva.com\/en\/aceite-de-oliva\/almazara-del-convento-botella-1l\/\"]}]},{\"@type\":\"ImageObject\",\"inLanguage\":\"en-US\",\"@id\":\"https:\/\/oroliva.com\/en\/aceite-de-oliva\/almazara-del-convento-botella-1l\/#primaryimage\",\"url\":\"https:\/\/oroliva.com\/wp-content\/uploads\/2017\/03\/almazara_04.jpg\",\"contentUrl\":\"https:\/\/oroliva.com\/wp-content\/uploads\/2017\/03\/almazara_04.jpg\",\"width\":1500,\"height\":1500,\"caption\":\"Comprar aceite de oliva virgen extra online\"},{\"@type\":\"BreadcrumbList\",\"@id\":\"https:\/\/oroliva.com\/en\/aceite-de-oliva\/almazara-del-convento-botella-1l\/#breadcrumb\",\"itemListElement\":[{\"@type\":\"ListItem\",\"position\":1,\"name\":\"Home\",\"item\":\"https:\/\/oroliva.com\/en\/oroliva\/\"},{\"@type\":\"ListItem\",\"position\":2,\"name\":\"Tienda\",\"item\":\"https:\/\/oroliva.com\/tienda\/\"},{\"@type\":\"ListItem\",\"position\":3,\"name\":\"Caja Botella 1l &#8211; 12Uds\"}]},{\"@type\":\"WebSite\",\"@id\":\"https:\/\/oroliva.com\/#website\",\"url\":\"https:\/\/oroliva.com\/\",\"name\":\"Comprar aceite de oliva | Venta aceite de oliva virgen extra\",\"description\":\"Venta Online de Aceite de Oliva. Aqu\u00ed podr\u00e1s comprar aceite de oliva de Almazara. El aroma y sabor de Andaluc\u00eda. Comprar aceite de oliva online.\",\"potentialAction\":[{\"@type\":\"SearchAction\",\"target\":{\"@type\":\"EntryPoint\",\"urlTemplate\":\"https:\/\/oroliva.com\/?s={search_term_string}\"},\"query-input\":{\"@type\":\"PropertyValueSpecification\",\"valueRequired\":true,\"valueName\":\"search_term_string\"}}],\"inLanguage\":\"en-US\"}]}<\/script>\n<!-- \/ Yoast SEO plugin. -->","yoast_head_json":{"title":"Aceite Almazara del Convento Caja Botella 1L | Oroliva","description":"Aceite de Oliva Virgen Extra Almazara del Convento, Caja Botella 1L, incluye 12 unidades","robots":{"index":"index","follow":"follow","max-snippet":"max-snippet:-1","max-image-preview":"max-image-preview:large","max-video-preview":"max-video-preview:-1"},"canonical":"https:\/\/oroliva.com\/en\/aceite-de-oliva\/almazara-del-convento-botella-1l\/","og_locale":"en_US","og_type":"article","og_title":"Aceite Almazara del Convento Caja Botella 1L | Oroliva","og_description":"Aceite de Oliva Virgen Extra Almazara del Convento, Caja Botella 1L, incluye 12 unidades","og_url":"https:\/\/oroliva.com\/en\/aceite-de-oliva\/almazara-del-convento-botella-1l\/","og_site_name":"Comprar aceite de oliva | Venta aceite de oliva virgen extra","article_modified_time":"2026-03-27T10:59:47+00:00","og_image":[{"width":1500,"height":1500,"url":"https:\/\/oroliva.com\/wp-content\/uploads\/2017\/03\/almazara_04.jpg","type":"image\/jpeg"}],"twitter_card":"summary_large_image","schema":{"@context":"https:\/\/schema.org","@graph":[{"@type":"WebPage","@id":"https:\/\/oroliva.com\/en\/aceite-de-oliva\/almazara-del-convento-botella-1l\/","url":"https:\/\/oroliva.com\/en\/aceite-de-oliva\/almazara-del-convento-botella-1l\/","name":"Aceite Almazara del Convento Caja Botella 1L | Oroliva","isPartOf":{"@id":"https:\/\/oroliva.com\/#website"},"primaryImageOfPage":{"@id":"https:\/\/oroliva.com\/en\/aceite-de-oliva\/almazara-del-convento-botella-1l\/#primaryimage"},"image":{"@id":"https:\/\/oroliva.com\/en\/aceite-de-oliva\/almazara-del-convento-botella-1l\/#primaryimage"},"thumbnailUrl":"https:\/\/oroliva.com\/wp-content\/uploads\/2017\/03\/almazara_04.jpg","datePublished":"2017-03-21T10:31:33+00:00","dateModified":"2026-03-27T10:59:47+00:00","description":"Aceite de Oliva Virgen Extra Almazara del Convento, Caja Botella 1L, incluye 12 unidades","breadcrumb":{"@id":"https:\/\/oroliva.com\/en\/aceite-de-oliva\/almazara-del-convento-botella-1l\/#breadcrumb"},"inLanguage":"en-US","potentialAction":[{"@type":"ReadAction","target":["https:\/\/oroliva.com\/en\/aceite-de-oliva\/almazara-del-convento-botella-1l\/"]}]},{"@type":"ImageObject","inLanguage":"en-US","@id":"https:\/\/oroliva.com\/en\/aceite-de-oliva\/almazara-del-convento-botella-1l\/#primaryimage","url":"https:\/\/oroliva.com\/wp-content\/uploads\/2017\/03\/almazara_04.jpg","contentUrl":"https:\/\/oroliva.com\/wp-content\/uploads\/2017\/03\/almazara_04.jpg","width":1500,"height":1500,"caption":"Comprar aceite de oliva virgen extra online"},{"@type":"BreadcrumbList","@id":"https:\/\/oroliva.com\/en\/aceite-de-oliva\/almazara-del-convento-botella-1l\/#breadcrumb","itemListElement":[{"@type":"ListItem","position":1,"name":"Home","item":"https:\/\/oroliva.com\/en\/oroliva\/"},{"@type":"ListItem","position":2,"name":"Tienda","item":"https:\/\/oroliva.com\/tienda\/"},{"@type":"ListItem","position":3,"name":"Caja Botella 1l &#8211; 12Uds"}]},{"@type":"WebSite","@id":"https:\/\/oroliva.com\/#website","url":"https:\/\/oroliva.com\/","name":"Comprar aceite de oliva | Venta aceite de oliva virgen extra","description":"Venta Online de Aceite de Oliva. Aqu\u00ed podr\u00e1s comprar aceite de oliva de Almazara. El aroma y sabor de Andaluc\u00eda. Comprar aceite de oliva online.","potentialAction":[{"@type":"SearchAction","target":{"@type":"EntryPoint","urlTemplate":"https:\/\/oroliva.com\/?s={search_term_string}"},"query-input":{"@type":"PropertyValueSpecification","valueRequired":true,"valueName":"search_term_string"}}],"inLanguage":"en-US"}]}},"_links":{"self":[{"href":"https:\/\/oroliva.com\/en\/wp-json\/wp\/v2\/product\/488","targetHints":{"allow":["GET"]}}],"collection":[{"href":"https:\/\/oroliva.com\/en\/wp-json\/wp\/v2\/product"}],"about":[{"href":"https:\/\/oroliva.com\/en\/wp-json\/wp\/v2\/types\/product"}],"wp:featuredmedia":[{"embeddable":true,"href":"https:\/\/oroliva.com\/en\/wp-json\/wp\/v2\/media\/456"}],"wp:attachment":[{"href":"https:\/\/oroliva.com\/en\/wp-json\/wp\/v2\/media?parent=488"}],"wp:term":[{"taxonomy":"product_brand","embeddable":true,"href":"https:\/\/oroliva.com\/en\/wp-json\/wp\/v2\/product_brand?post=488"},{"taxonomy":"product_cat","embeddable":true,"href":"https:\/\/oroliva.com\/en\/wp-json\/wp\/v2\/product_cat?post=488"},{"taxonomy":"product_tag","embeddable":true,"href":"https:\/\/oroliva.com\/en\/wp-json\/wp\/v2\/product_tag?post=488"}],"curies":[{"name":"wp","href":"https:\/\/api.w.org\/{rel}","templated":true}]}}