{"id":493,"date":"2017-03-21T10:30:40","date_gmt":"2017-03-21T08:30:40","guid":{"rendered":"https:\/\/oroliva.adecua.es\/aceite-de-oliva\/1752-lata-500ml\/"},"modified":"2026-03-27T11:59:47","modified_gmt":"2026-03-27T10:59:47","slug":"1752-lata-500ml","status":"publish","type":"product","link":"https:\/\/oroliva.com\/en\/aceite-de-oliva\/1752-lata-500ml\/","title":{"rendered":"Caja Lata 500ml &#8211; 36Uds"},"content":{"rendered":"<p>En su producci\u00f3n destacan la calidad y frescura del fruto, junto a una elaboraci\u00f3n especialmente cuidada mediante procedimientos mec\u00e1nicos, batidos cortos y bajas temperaturas para la perfecta conservaci\u00f3n de sus excelentes cualidades.<\/p>\n<p>Su cata nos transmite un recuerdo en su aroma de hierba reci\u00e9n cortada, con agradables notas de almendras y manzana. En boca es arm\u00f3nico, con una dulzura moderada y un picor y amargor equilibrados, lo que le confiere su sabor propio tan caracter\u00edstico y valorado.<\/p>\n","protected":false},"excerpt":{"rendered":"Aceite Virgen Extra 1752, sin duda\u2026 nuestro mejor aceite.\r\n\r\nObtenido con el exclusivo zumo de aceituna de los primeros d\u00edas de la cosecha de nuestra variedad Picual. Un aceite m\u00e1s afrutado, con destacadas notas positivas de amargo y picante.","protected":false},"featured_media":465,"template":"","meta":{"_acf_changed":false},"product_brand":[],"product_cat":[26],"product_tag":[],"class_list":{"0":"post-493","1":"product","2":"type-product","3":"status-publish","4":"has-post-thumbnail","6":"product_cat-1752-en","8":"first","9":"instock","10":"taxable","11":"shipping-taxable","12":"purchasable","13":"product-type-simple"},"acf":[],"yoast_head":"<!-- This site is optimized with the Yoast SEO plugin v27.0 - https:\/\/yoast.com\/product\/yoast-seo-wordpress\/ -->\n<title>Aceite 1752, Caja Botella 500ml | Oroliva<\/title>\n<meta name=\"description\" content=\"Aceite Virgen Extra 1752, Caja Botella 500ml, incluye 36 unidades\" \/>\n<meta name=\"robots\" content=\"index, follow, max-snippet:-1, max-image-preview:large, max-video-preview:-1\" \/>\n<link rel=\"canonical\" href=\"https:\/\/oroliva.com\/en\/aceite-de-oliva\/1752-lata-500ml\/\" \/>\n<meta property=\"og:locale\" content=\"en_US\" \/>\n<meta property=\"og:type\" content=\"article\" \/>\n<meta property=\"og:title\" content=\"Aceite 1752, Caja Botella 500ml | Oroliva\" \/>\n<meta property=\"og:description\" content=\"Aceite Virgen Extra 1752, Caja Botella 500ml, incluye 36 unidades\" \/>\n<meta property=\"og:url\" content=\"https:\/\/oroliva.com\/en\/aceite-de-oliva\/1752-lata-500ml\/\" \/>\n<meta property=\"og:site_name\" content=\"Comprar aceite de oliva | Venta aceite de oliva virgen extra\" \/>\n<meta property=\"article:modified_time\" content=\"2026-03-27T10:59:47+00:00\" \/>\n<meta property=\"og:image\" content=\"https:\/\/oroliva.com\/wp-content\/uploads\/2017\/03\/1752_02.jpg\" \/>\n\t<meta property=\"og:image:width\" content=\"1500\" \/>\n\t<meta property=\"og:image:height\" content=\"1500\" \/>\n\t<meta property=\"og:image:type\" content=\"image\/jpeg\" \/>\n<meta name=\"twitter:card\" content=\"summary_large_image\" \/>\n<script type=\"application\/ld+json\" class=\"yoast-schema-graph\">{\"@context\":\"https:\/\/schema.org\",\"@graph\":[{\"@type\":\"WebPage\",\"@id\":\"https:\/\/oroliva.com\/en\/aceite-de-oliva\/1752-lata-500ml\/\",\"url\":\"https:\/\/oroliva.com\/en\/aceite-de-oliva\/1752-lata-500ml\/\",\"name\":\"Aceite 1752, Caja Botella 500ml | Oroliva\",\"isPartOf\":{\"@id\":\"https:\/\/oroliva.com\/#website\"},\"primaryImageOfPage\":{\"@id\":\"https:\/\/oroliva.com\/en\/aceite-de-oliva\/1752-lata-500ml\/#primaryimage\"},\"image\":{\"@id\":\"https:\/\/oroliva.com\/en\/aceite-de-oliva\/1752-lata-500ml\/#primaryimage\"},\"thumbnailUrl\":\"https:\/\/oroliva.com\/wp-content\/uploads\/2017\/03\/1752_02.jpg\",\"datePublished\":\"2017-03-21T08:30:40+00:00\",\"dateModified\":\"2026-03-27T10:59:47+00:00\",\"description\":\"Aceite Virgen Extra 1752, Caja Botella 500ml, incluye 36 unidades\",\"breadcrumb\":{\"@id\":\"https:\/\/oroliva.com\/en\/aceite-de-oliva\/1752-lata-500ml\/#breadcrumb\"},\"inLanguage\":\"en-US\",\"potentialAction\":[{\"@type\":\"ReadAction\",\"target\":[\"https:\/\/oroliva.com\/en\/aceite-de-oliva\/1752-lata-500ml\/\"]}]},{\"@type\":\"ImageObject\",\"inLanguage\":\"en-US\",\"@id\":\"https:\/\/oroliva.com\/en\/aceite-de-oliva\/1752-lata-500ml\/#primaryimage\",\"url\":\"https:\/\/oroliva.com\/wp-content\/uploads\/2017\/03\/1752_02.jpg\",\"contentUrl\":\"https:\/\/oroliva.com\/wp-content\/uploads\/2017\/03\/1752_02.jpg\",\"width\":1500,\"height\":1500,\"caption\":\"Comprar aceite de oliva de Andaluc\u00eda\"},{\"@type\":\"BreadcrumbList\",\"@id\":\"https:\/\/oroliva.com\/en\/aceite-de-oliva\/1752-lata-500ml\/#breadcrumb\",\"itemListElement\":[{\"@type\":\"ListItem\",\"position\":1,\"name\":\"Home\",\"item\":\"https:\/\/oroliva.com\/en\/oroliva\/\"},{\"@type\":\"ListItem\",\"position\":2,\"name\":\"Tienda\",\"item\":\"https:\/\/oroliva.com\/tienda\/\"},{\"@type\":\"ListItem\",\"position\":3,\"name\":\"Caja Lata 500ml &#8211; 36Uds\"}]},{\"@type\":\"WebSite\",\"@id\":\"https:\/\/oroliva.com\/#website\",\"url\":\"https:\/\/oroliva.com\/\",\"name\":\"Comprar aceite de oliva | Venta aceite de oliva virgen extra\",\"description\":\"Venta Online de Aceite de Oliva. Aqu\u00ed podr\u00e1s comprar aceite de oliva de Almazara. El aroma y sabor de Andaluc\u00eda. Comprar aceite de oliva online.\",\"potentialAction\":[{\"@type\":\"SearchAction\",\"target\":{\"@type\":\"EntryPoint\",\"urlTemplate\":\"https:\/\/oroliva.com\/?s={search_term_string}\"},\"query-input\":{\"@type\":\"PropertyValueSpecification\",\"valueRequired\":true,\"valueName\":\"search_term_string\"}}],\"inLanguage\":\"en-US\"}]}<\/script>\n<!-- \/ Yoast SEO plugin. -->","yoast_head_json":{"title":"Aceite 1752, Caja Botella 500ml | Oroliva","description":"Aceite Virgen Extra 1752, Caja Botella 500ml, incluye 36 unidades","robots":{"index":"index","follow":"follow","max-snippet":"max-snippet:-1","max-image-preview":"max-image-preview:large","max-video-preview":"max-video-preview:-1"},"canonical":"https:\/\/oroliva.com\/en\/aceite-de-oliva\/1752-lata-500ml\/","og_locale":"en_US","og_type":"article","og_title":"Aceite 1752, Caja Botella 500ml | Oroliva","og_description":"Aceite Virgen Extra 1752, Caja Botella 500ml, incluye 36 unidades","og_url":"https:\/\/oroliva.com\/en\/aceite-de-oliva\/1752-lata-500ml\/","og_site_name":"Comprar aceite de oliva | Venta aceite de oliva virgen extra","article_modified_time":"2026-03-27T10:59:47+00:00","og_image":[{"width":1500,"height":1500,"url":"https:\/\/oroliva.com\/wp-content\/uploads\/2017\/03\/1752_02.jpg","type":"image\/jpeg"}],"twitter_card":"summary_large_image","schema":{"@context":"https:\/\/schema.org","@graph":[{"@type":"WebPage","@id":"https:\/\/oroliva.com\/en\/aceite-de-oliva\/1752-lata-500ml\/","url":"https:\/\/oroliva.com\/en\/aceite-de-oliva\/1752-lata-500ml\/","name":"Aceite 1752, Caja Botella 500ml | Oroliva","isPartOf":{"@id":"https:\/\/oroliva.com\/#website"},"primaryImageOfPage":{"@id":"https:\/\/oroliva.com\/en\/aceite-de-oliva\/1752-lata-500ml\/#primaryimage"},"image":{"@id":"https:\/\/oroliva.com\/en\/aceite-de-oliva\/1752-lata-500ml\/#primaryimage"},"thumbnailUrl":"https:\/\/oroliva.com\/wp-content\/uploads\/2017\/03\/1752_02.jpg","datePublished":"2017-03-21T08:30:40+00:00","dateModified":"2026-03-27T10:59:47+00:00","description":"Aceite Virgen Extra 1752, Caja Botella 500ml, incluye 36 unidades","breadcrumb":{"@id":"https:\/\/oroliva.com\/en\/aceite-de-oliva\/1752-lata-500ml\/#breadcrumb"},"inLanguage":"en-US","potentialAction":[{"@type":"ReadAction","target":["https:\/\/oroliva.com\/en\/aceite-de-oliva\/1752-lata-500ml\/"]}]},{"@type":"ImageObject","inLanguage":"en-US","@id":"https:\/\/oroliva.com\/en\/aceite-de-oliva\/1752-lata-500ml\/#primaryimage","url":"https:\/\/oroliva.com\/wp-content\/uploads\/2017\/03\/1752_02.jpg","contentUrl":"https:\/\/oroliva.com\/wp-content\/uploads\/2017\/03\/1752_02.jpg","width":1500,"height":1500,"caption":"Comprar aceite de oliva de Andaluc\u00eda"},{"@type":"BreadcrumbList","@id":"https:\/\/oroliva.com\/en\/aceite-de-oliva\/1752-lata-500ml\/#breadcrumb","itemListElement":[{"@type":"ListItem","position":1,"name":"Home","item":"https:\/\/oroliva.com\/en\/oroliva\/"},{"@type":"ListItem","position":2,"name":"Tienda","item":"https:\/\/oroliva.com\/tienda\/"},{"@type":"ListItem","position":3,"name":"Caja Lata 500ml &#8211; 36Uds"}]},{"@type":"WebSite","@id":"https:\/\/oroliva.com\/#website","url":"https:\/\/oroliva.com\/","name":"Comprar aceite de oliva | Venta aceite de oliva virgen extra","description":"Venta Online de Aceite de Oliva. Aqu\u00ed podr\u00e1s comprar aceite de oliva de Almazara. El aroma y sabor de Andaluc\u00eda. Comprar aceite de oliva online.","potentialAction":[{"@type":"SearchAction","target":{"@type":"EntryPoint","urlTemplate":"https:\/\/oroliva.com\/?s={search_term_string}"},"query-input":{"@type":"PropertyValueSpecification","valueRequired":true,"valueName":"search_term_string"}}],"inLanguage":"en-US"}]}},"_links":{"self":[{"href":"https:\/\/oroliva.com\/en\/wp-json\/wp\/v2\/product\/493","targetHints":{"allow":["GET"]}}],"collection":[{"href":"https:\/\/oroliva.com\/en\/wp-json\/wp\/v2\/product"}],"about":[{"href":"https:\/\/oroliva.com\/en\/wp-json\/wp\/v2\/types\/product"}],"wp:featuredmedia":[{"embeddable":true,"href":"https:\/\/oroliva.com\/en\/wp-json\/wp\/v2\/media\/465"}],"wp:attachment":[{"href":"https:\/\/oroliva.com\/en\/wp-json\/wp\/v2\/media?parent=493"}],"wp:term":[{"taxonomy":"product_brand","embeddable":true,"href":"https:\/\/oroliva.com\/en\/wp-json\/wp\/v2\/product_brand?post=493"},{"taxonomy":"product_cat","embeddable":true,"href":"https:\/\/oroliva.com\/en\/wp-json\/wp\/v2\/product_cat?post=493"},{"taxonomy":"product_tag","embeddable":true,"href":"https:\/\/oroliva.com\/en\/wp-json\/wp\/v2\/product_tag?post=493"}],"curies":[{"name":"wp","href":"https:\/\/api.w.org\/{rel}","templated":true}]}}